{"id":35,"date":"2022-05-08T20:00:00","date_gmt":"2022-05-08T20:00:00","guid":{"rendered":"http:\/\/autoescuelas-hnos-delgado.com\/?page_id=35"},"modified":"2025-02-24T20:14:50","modified_gmt":"2025-02-24T20:14:50","slug":"inicio","status":"publish","type":"page","link":"https:\/\/autoescuelas-hnos-delgado.com\/","title":{"rendered":"INICIO"},"content":{"rendered":"\t\t<div data-elementor-type=\"wp-page\" data-elementor-id=\"35\" class=\"elementor elementor-35\">\n\t\t\t\t\t\t<section class=\"elementor-section elementor-top-section elementor-element elementor-element-2eabac46 elementor-section-content-middle elementor-section-boxed elementor-section-height-default elementor-section-height-default\" data-id=\"2eabac46\" data-element_type=\"section\" data-settings=\"{&quot;background_background&quot;:&quot;classic&quot;}\">\n\t\t\t\t\t\t\t<div class=\"elementor-background-overlay\"><\/div>\n\t\t\t\t\t\t\t<div class=\"elementor-container elementor-column-gap-no\">\n\t\t\t\t\t<div class=\"elementor-column elementor-col-100 elementor-top-column elementor-element elementor-element-7ab407c0\" data-id=\"7ab407c0\" data-element_type=\"column\">\n\t\t\t<div class=\"elementor-widget-wrap elementor-element-populated\">\n\t\t\t\t\t\t<div class=\"elementor-element elementor-element-48e01435 elementor-widget elementor-widget-heading\" data-id=\"48e01435\" data-element_type=\"widget\" data-widget_type=\"heading.default\">\n\t\t\t\t<div class=\"elementor-widget-container\">\n\t\t\t\t\t<h2 class=\"elementor-heading-title elementor-size-small\">\u00a1Bienvenido a tu autoescuela!<\/h2>\t\t\t\t<\/div>\n\t\t\t\t<\/div>\n\t\t\t\t<div class=\"elementor-element elementor-element-cb00670 elementor-widget elementor-widget-text-editor\" data-id=\"cb00670\" data-element_type=\"widget\" data-widget_type=\"text-editor.default\">\n\t\t\t\t<div class=\"elementor-widget-container\">\n\t\t\t\t\t\t\t\t\t<p>Desde Autoescuelas Hermanos Delgado queremos darte la bienvenida a nuestra gran familia.<\/p><p>Llevamos formando buenos conductores m\u00e1s de cinco d\u00e9cadas, y lo que es m\u00e1s importante, seguimos con la misma ilusi\u00f3n del primer d\u00eda.\u00a0<\/p><p>Disponemos de personal altamente cualificado para poder ofrecer a todos y cada uno de nuestros clientes un trato personalizado. Para ello podr\u00e1s encontrarnos en cualquiera de las dos autoescuelas que ponemos a tu disposici\u00f3n en Torrent. Ofrecemos el material m\u00e1s actualizado y moderno para poder ofrecer un aprendizaje c\u00f3modo y r\u00e1pido.\u00a0 Tambi\u00e9n disponemos de varios veh\u00edculos de \u00faltima generaci\u00f3n, tanto coches como motos, para tus pr\u00e1cticas ofreciendo la posibilidad de obtener cualquier tipo de carn\u00e9.<\/p>\t\t\t\t\t\t\t\t<\/div>\n\t\t\t\t<\/div>\n\t\t\t\t<div class=\"elementor-element elementor-element-c3186a2 elementor-widget elementor-widget-image\" data-id=\"c3186a2\" data-element_type=\"widget\" data-widget_type=\"image.default\">\n\t\t\t\t<div class=\"elementor-widget-container\">\n\t\t\t\t\t\t\t\t\t\t\t\t\t\t\t<img fetchpriority=\"high\" decoding=\"async\" width=\"768\" height=\"1086\" src=\"https:\/\/autoescuelas-hnos-delgado.com\/wp-content\/uploads\/2025\/02\/NOS-TRASLADAMOS-768x1086.png\" class=\"attachment-medium_large size-medium_large wp-image-494\" alt=\"\" srcset=\"https:\/\/autoescuelas-hnos-delgado.com\/wp-content\/uploads\/2025\/02\/NOS-TRASLADAMOS-768x1086.png 768w, https:\/\/autoescuelas-hnos-delgado.com\/wp-content\/uploads\/2025\/02\/NOS-TRASLADAMOS-212x300.png 212w, https:\/\/autoescuelas-hnos-delgado.com\/wp-content\/uploads\/2025\/02\/NOS-TRASLADAMOS-724x1024.png 724w, https:\/\/autoescuelas-hnos-delgado.com\/wp-content\/uploads\/2025\/02\/NOS-TRASLADAMOS-1086x1536.png 1086w, https:\/\/autoescuelas-hnos-delgado.com\/wp-content\/uploads\/2025\/02\/NOS-TRASLADAMOS-1448x2048.png 1448w, https:\/\/autoescuelas-hnos-delgado.com\/wp-content\/uploads\/2025\/02\/NOS-TRASLADAMOS.png 1587w\" sizes=\"(max-width: 768px) 100vw, 768px\" \/>\t\t\t\t\t\t\t\t\t\t\t\t\t\t\t<\/div>\n\t\t\t\t<\/div>\n\t\t\t\t\t<\/div>\n\t\t<\/div>\n\t\t\t\t\t<\/div>\n\t\t<\/section>\n\t\t\t\t<section class=\"elementor-section elementor-top-section elementor-element elementor-element-515bf468 elementor-section-content-middle elementor-reverse-mobile elementor-section-boxed elementor-section-height-default elementor-section-height-default\" data-id=\"515bf468\" data-element_type=\"section\">\n\t\t\t\t\t\t<div class=\"elementor-container elementor-column-gap-no\">\n\t\t\t\t\t<div class=\"elementor-column elementor-col-50 elementor-top-column elementor-element elementor-element-5dbcccdc\" data-id=\"5dbcccdc\" data-element_type=\"column\">\n\t\t\t<div class=\"elementor-widget-wrap elementor-element-populated\">\n\t\t\t\t\t\t<div class=\"elementor-element elementor-element-23c987a elementor-widget elementor-widget-wp-widget-media_image\" data-id=\"23c987a\" data-element_type=\"widget\" data-widget_type=\"wp-widget-media_image.default\">\n\t\t\t\t<div class=\"elementor-widget-container\">\n\t\t\t\t\t<img decoding=\"async\" width=\"212\" height=\"300\" src=\"https:\/\/autoescuelas-hnos-delgado.com\/wp-content\/uploads\/2025\/02\/NOS-TRASLADAMOS-212x300.png\" class=\"image wp-image-494  attachment-medium size-medium\" alt=\"\" style=\"max-width: 100%; height: auto;\" srcset=\"https:\/\/autoescuelas-hnos-delgado.com\/wp-content\/uploads\/2025\/02\/NOS-TRASLADAMOS-212x300.png 212w, https:\/\/autoescuelas-hnos-delgado.com\/wp-content\/uploads\/2025\/02\/NOS-TRASLADAMOS-724x1024.png 724w, https:\/\/autoescuelas-hnos-delgado.com\/wp-content\/uploads\/2025\/02\/NOS-TRASLADAMOS-768x1086.png 768w, https:\/\/autoescuelas-hnos-delgado.com\/wp-content\/uploads\/2025\/02\/NOS-TRASLADAMOS-1086x1536.png 1086w, https:\/\/autoescuelas-hnos-delgado.com\/wp-content\/uploads\/2025\/02\/NOS-TRASLADAMOS-1448x2048.png 1448w, https:\/\/autoescuelas-hnos-delgado.com\/wp-content\/uploads\/2025\/02\/NOS-TRASLADAMOS.png 1587w\" sizes=\"(max-width: 212px) 100vw, 212px\" \/>\t\t\t\t<\/div>\n\t\t\t\t<\/div>\n\t\t\t\t<div class=\"elementor-element elementor-element-3f1a5e5 elementor-widget__width-initial elementor-absolute elementor-widget elementor-widget-image\" data-id=\"3f1a5e5\" data-element_type=\"widget\" data-settings=\"{&quot;_position&quot;:&quot;absolute&quot;}\" data-widget_type=\"image.default\">\n\t\t\t\t<div class=\"elementor-widget-container\">\n\t\t\t\t\t\t\t\t\t\t\t\t\t\t\t<img decoding=\"async\" width=\"672\" height=\"518\" src=\"https:\/\/autoescuelas-hnos-delgado.com\/wp-content\/uploads\/2022\/05\/LOGO-AUTO-BLANCO-Y-NEGRO.png\" class=\"attachment-1536x1536 size-1536x1536 wp-image-264\" alt=\"\" srcset=\"https:\/\/autoescuelas-hnos-delgado.com\/wp-content\/uploads\/2022\/05\/LOGO-AUTO-BLANCO-Y-NEGRO.png 672w, https:\/\/autoescuelas-hnos-delgado.com\/wp-content\/uploads\/2022\/05\/LOGO-AUTO-BLANCO-Y-NEGRO-300x231.png 300w\" sizes=\"(max-width: 672px) 100vw, 672px\" \/>\t\t\t\t\t\t\t\t\t\t\t\t\t\t\t<\/div>\n\t\t\t\t<\/div>\n\t\t\t\t\t<\/div>\n\t\t<\/div>\n\t\t\t\t<div class=\"elementor-column elementor-col-50 elementor-top-column elementor-element elementor-element-12bce57c\" data-id=\"12bce57c\" data-element_type=\"column\">\n\t\t\t<div class=\"elementor-widget-wrap elementor-element-populated\">\n\t\t\t\t\t\t<div class=\"elementor-element elementor-element-3bba1f8 elementor-widget__width-initial elementor-absolute elementor-widget elementor-widget-heading\" data-id=\"3bba1f8\" data-element_type=\"widget\" data-settings=\"{&quot;_position&quot;:&quot;absolute&quot;}\" data-widget_type=\"heading.default\">\n\t\t\t\t<div class=\"elementor-widget-container\">\n\t\t\t\t\t<h2 class=\"elementor-heading-title elementor-size-xxl\">\u00a1CONTACTA CON NOSOTROS!<\/h2>\t\t\t\t<\/div>\n\t\t\t\t<\/div>\n\t\t\t\t<section class=\"elementor-section elementor-inner-section elementor-element elementor-element-10a6ebe7 elementor-section-boxed elementor-section-height-default elementor-section-height-default\" data-id=\"10a6ebe7\" data-element_type=\"section\">\n\t\t\t\t\t\t<div class=\"elementor-container elementor-column-gap-default\">\n\t\t\t\t\t<div class=\"elementor-column elementor-col-50 elementor-inner-column elementor-element elementor-element-7111f85e\" data-id=\"7111f85e\" data-element_type=\"column\">\n\t\t\t<div class=\"elementor-widget-wrap elementor-element-populated\">\n\t\t\t\t\t\t<div class=\"elementor-element elementor-element-49330ef8 elementor-absolute elementor-widget elementor-widget-heading\" data-id=\"49330ef8\" data-element_type=\"widget\" data-settings=\"{&quot;_position&quot;:&quot;absolute&quot;}\" data-widget_type=\"heading.default\">\n\t\t\t\t<div class=\"elementor-widget-container\">\n\t\t\t\t\t<div class=\"elementor-heading-title elementor-size-default\">UBICACI\u00d3N:<\/div>\t\t\t\t<\/div>\n\t\t\t\t<\/div>\n\t\t\t\t<div class=\"elementor-element elementor-element-dc75b9d elementor-absolute elementor-widget__width-initial elementor-widget elementor-widget-text-editor\" data-id=\"dc75b9d\" data-element_type=\"widget\" data-settings=\"{&quot;_position&quot;:&quot;absolute&quot;}\" data-widget_type=\"text-editor.default\">\n\t\t\t\t<div class=\"elementor-widget-container\">\n\t\t\t\t\t\t\t\t\t<p>\u00a0<\/p><p><span style=\"vertical-align: inherit;\"><span style=\"vertical-align: inherit;\"><span style=\"vertical-align: inherit;\"><span style=\"vertical-align: inherit;\"><span style=\"vertical-align: inherit;\"><span style=\"vertical-align: inherit;\"><span style=\"vertical-align: inherit;\"><span style=\"vertical-align: inherit;\">PLAZA SAN JAIME, 6 &#8211; TORRENTE\u00a0 \u00a0 \u00a0 \u00a0 \u00a0 \u00a0 \u00a0 \u00a0\u00a0<\/span><\/span><\/span><\/span><\/span><\/span><\/span><\/span><\/p>\t\t\t\t\t\t\t\t<\/div>\n\t\t\t\t<\/div>\n\t\t\t\t\t<\/div>\n\t\t<\/div>\n\t\t\t\t<div class=\"elementor-column elementor-col-50 elementor-inner-column elementor-element elementor-element-62c79c24\" data-id=\"62c79c24\" data-element_type=\"column\">\n\t\t\t<div class=\"elementor-widget-wrap elementor-element-populated\">\n\t\t\t\t\t\t<div class=\"elementor-element elementor-element-70b0bc9f elementor-absolute elementor-widget elementor-widget-heading\" data-id=\"70b0bc9f\" data-element_type=\"widget\" data-settings=\"{&quot;_position&quot;:&quot;absolute&quot;}\" data-widget_type=\"heading.default\">\n\t\t\t\t<div class=\"elementor-widget-container\">\n\t\t\t\t\t<div class=\"elementor-heading-title elementor-size-default\">LLAMANOS AL: <br><br><\/div>\t\t\t\t<\/div>\n\t\t\t\t<\/div>\n\t\t\t\t\t<\/div>\n\t\t<\/div>\n\t\t\t\t\t<\/div>\n\t\t<\/section>\n\t\t\t\t<div class=\"elementor-element elementor-element-6d328be1 elementor-widget__width-initial elementor-absolute elementor-widget elementor-widget-text-editor\" data-id=\"6d328be1\" data-element_type=\"widget\" data-settings=\"{&quot;_position&quot;:&quot;absolute&quot;}\" data-widget_type=\"text-editor.default\">\n\t\t\t\t<div class=\"elementor-widget-container\">\n\t\t\t\t\t\t\t\t\t<p>961 56 70 01\u00a0 \u00a0 \u00a0 \u00a0 \u00a0 \u00a0 \u00a0 620 16 13 41<\/p><p>961 56 71 09\u00a0 \u00a0 \u00a0 \u00a0 \u00a0 \u00a0 \u00a0 639 28 96 95<\/p>\t\t\t\t\t\t\t\t<\/div>\n\t\t\t\t<\/div>\n\t\t\t\t<section class=\"elementor-section elementor-inner-section elementor-element elementor-element-2ae700ff elementor-section-boxed elementor-section-height-default elementor-section-height-default\" data-id=\"2ae700ff\" data-element_type=\"section\">\n\t\t\t\t\t\t<div class=\"elementor-container elementor-column-gap-default\">\n\t\t\t\t\t<div class=\"elementor-column elementor-col-50 elementor-inner-column elementor-element elementor-element-73d1eba0\" data-id=\"73d1eba0\" data-element_type=\"column\">\n\t\t\t<div class=\"elementor-widget-wrap elementor-element-populated\">\n\t\t\t\t\t\t<div class=\"elementor-element elementor-element-528f8b9 elementor-absolute elementor-widget elementor-widget-heading\" data-id=\"528f8b9\" data-element_type=\"widget\" data-settings=\"{&quot;_position&quot;:&quot;absolute&quot;}\" data-widget_type=\"heading.default\">\n\t\t\t\t<div class=\"elementor-widget-container\">\n\t\t\t\t\t<div class=\"elementor-heading-title elementor-size-default\">HORARIO:<\/div>\t\t\t\t<\/div>\n\t\t\t\t<\/div>\n\t\t\t\t<div class=\"elementor-element elementor-element-2e8617f elementor-absolute elementor-widget elementor-widget-text-editor\" data-id=\"2e8617f\" data-element_type=\"widget\" data-settings=\"{&quot;_position&quot;:&quot;absolute&quot;}\" data-widget_type=\"text-editor.default\">\n\t\t\t\t<div class=\"elementor-widget-container\">\n\t\t\t\t\t\t\t\t\t<p><span style=\"vertical-align: inherit;\"><span style=\"vertical-align: inherit;\"><span style=\"vertical-align: inherit;\"><span style=\"vertical-align: inherit;\">DE LUNES A JUEVES:\u00a0 \u00a0\u00a0<\/span><\/span><\/span><\/span><\/p><ul><li><span style=\"vertical-align: inherit;\"><span style=\"vertical-align: inherit;\"><span style=\"vertical-align: inherit;\"><span style=\"vertical-align: inherit;\">DE 9:30 A 13:00\u00a0 \u00a0<\/span><\/span><\/span><\/span><\/li><li><span style=\"vertical-align: inherit;\"><span style=\"vertical-align: inherit;\"><span style=\"vertical-align: inherit;\"><span style=\"vertical-align: inherit;\">DE 16:00 A 20:30<\/span><\/span><\/span><\/span><\/li><\/ul><p><span style=\"vertical-align: inherit;\"><span style=\"vertical-align: inherit;\"><span style=\"vertical-align: inherit;\"><span style=\"vertical-align: inherit;\">\u00a0VIERNES:<\/span><\/span><\/span><\/span><\/p><ul><li><span style=\"vertical-align: inherit;\"><span style=\"vertical-align: inherit;\"><span style=\"vertical-align: inherit;\"><span style=\"vertical-align: inherit;\">DE 9:30 A 13:00<\/span><\/span><\/span><\/span><\/li><li><span style=\"vertical-align: inherit;\"><span style=\"vertical-align: inherit;\"><span style=\"vertical-align: inherit;\"><span style=\"vertical-align: inherit;\">DE 16:30 A 20:00<\/span><\/span><\/span><\/span><\/li><\/ul>\t\t\t\t\t\t\t\t<\/div>\n\t\t\t\t<\/div>\n\t\t\t\t\t<\/div>\n\t\t<\/div>\n\t\t\t\t<div class=\"elementor-column elementor-col-50 elementor-inner-column elementor-element elementor-element-28e4cb50\" data-id=\"28e4cb50\" data-element_type=\"column\">\n\t\t\t<div class=\"elementor-widget-wrap elementor-element-populated\">\n\t\t\t\t\t\t<div class=\"elementor-element elementor-element-672f3a3b elementor-absolute elementor-widget elementor-widget-heading\" data-id=\"672f3a3b\" data-element_type=\"widget\" data-settings=\"{&quot;_position&quot;:&quot;absolute&quot;}\" data-widget_type=\"heading.default\">\n\t\t\t\t<div class=\"elementor-widget-container\">\n\t\t\t\t\t<div class=\"elementor-heading-title elementor-size-default\">SIGUENOS:<\/div>\t\t\t\t<\/div>\n\t\t\t\t<\/div>\n\t\t\t\t<div class=\"elementor-element elementor-element-27afd40d elementor-shape-square e-grid-align-left elementor-absolute elementor-grid-0 elementor-widget elementor-widget-social-icons\" data-id=\"27afd40d\" data-element_type=\"widget\" data-settings=\"{&quot;_position&quot;:&quot;absolute&quot;}\" data-widget_type=\"social-icons.default\">\n\t\t\t\t<div class=\"elementor-widget-container\">\n\t\t\t\t\t\t\t<div class=\"elementor-social-icons-wrapper elementor-grid\">\n\t\t\t\t\t\t\t<span class=\"elementor-grid-item\">\n\t\t\t\t\t<a class=\"elementor-icon elementor-social-icon elementor-social-icon-facebook-f elementor-animation-grow elementor-repeater-item-2d0da0c\" href=\"https:\/\/www.facebook.com\/autoescuela.delgadotorrent\" target=\"_blank\">\n\t\t\t\t\t\t<span class=\"elementor-screen-only\">Facebook-f<\/span>\n\t\t\t\t\t\t<i class=\"fab fa-facebook-f\"><\/i>\t\t\t\t\t<\/a>\n\t\t\t\t<\/span>\n\t\t\t\t\t\t\t<span class=\"elementor-grid-item\">\n\t\t\t\t\t<a class=\"elementor-icon elementor-social-icon elementor-social-icon-instagram elementor-animation-grow elementor-repeater-item-b411580\" href=\"https:\/\/www.instagram.com\/autoescuelasdelgado\/\" target=\"_blank\">\n\t\t\t\t\t\t<span class=\"elementor-screen-only\">Instagram<\/span>\n\t\t\t\t\t\t<i class=\"fab fa-instagram\"><\/i>\t\t\t\t\t<\/a>\n\t\t\t\t<\/span>\n\t\t\t\t\t<\/div>\n\t\t\t\t\t\t<\/div>\n\t\t\t\t<\/div>\n\t\t\t\t\t<\/div>\n\t\t<\/div>\n\t\t\t\t\t<\/div>\n\t\t<\/section>\n\t\t\t\t\t<\/div>\n\t\t<\/div>\n\t\t\t\t\t<\/div>\n\t\t<\/section>\n\t\t\t\t<section class=\"elementor-section elementor-top-section elementor-element elementor-element-212ee48 elementor-section-boxed elementor-section-height-default elementor-section-height-default\" data-id=\"212ee48\" data-element_type=\"section\">\n\t\t\t\t\t\t<div class=\"elementor-container elementor-column-gap-default\">\n\t\t\t\t\t<div class=\"elementor-column elementor-col-100 elementor-top-column elementor-element elementor-element-62d9c6e\" data-id=\"62d9c6e\" data-element_type=\"column\">\n\t\t\t<div class=\"elementor-widget-wrap\">\n\t\t\t\t\t\t\t<\/div>\n\t\t<\/div>\n\t\t\t\t\t<\/div>\n\t\t<\/section>\n\t\t\t\t<section class=\"elementor-section elementor-top-section elementor-element elementor-element-7a3d154 elementor-section-boxed elementor-section-height-default elementor-section-height-default\" data-id=\"7a3d154\" data-element_type=\"section\">\n\t\t\t\t\t\t<div class=\"elementor-container elementor-column-gap-default\">\n\t\t\t\t\t<div class=\"elementor-column elementor-col-100 elementor-top-column elementor-element elementor-element-73f7171\" data-id=\"73f7171\" data-element_type=\"column\">\n\t\t\t<div class=\"elementor-widget-wrap\">\n\t\t\t\t\t\t\t<\/div>\n\t\t<\/div>\n\t\t\t\t\t<\/div>\n\t\t<\/section>\n\t\t\t\t<section class=\"elementor-section elementor-top-section elementor-element elementor-element-17b3217 elementor-section-boxed elementor-section-height-default elementor-section-height-default\" data-id=\"17b3217\" data-element_type=\"section\">\n\t\t\t\t\t\t<div class=\"elementor-container elementor-column-gap-default\">\n\t\t\t\t\t<div class=\"elementor-column elementor-col-100 elementor-top-column elementor-element elementor-element-3e7bcd3\" data-id=\"3e7bcd3\" data-element_type=\"column\">\n\t\t\t<div class=\"elementor-widget-wrap\">\n\t\t\t\t\t\t\t<\/div>\n\t\t<\/div>\n\t\t\t\t\t<\/div>\n\t\t<\/section>\n\t\t\t\t<section class=\"elementor-section elementor-top-section elementor-element elementor-element-b1a68de elementor-section-boxed elementor-section-height-default elementor-section-height-default\" data-id=\"b1a68de\" data-element_type=\"section\">\n\t\t\t\t\t\t<div class=\"elementor-container elementor-column-gap-default\">\n\t\t\t\t\t<div class=\"elementor-column elementor-col-100 elementor-top-column elementor-element elementor-element-7357e77\" data-id=\"7357e77\" data-element_type=\"column\">\n\t\t\t<div class=\"elementor-widget-wrap\">\n\t\t\t\t\t\t\t<\/div>\n\t\t<\/div>\n\t\t\t\t\t<\/div>\n\t\t<\/section>\n\t\t\t\t<section class=\"elementor-section elementor-top-section elementor-element elementor-element-42ff650 elementor-section-boxed elementor-section-height-default elementor-section-height-default\" data-id=\"42ff650\" data-element_type=\"section\">\n\t\t\t\t\t\t<div class=\"elementor-container elementor-column-gap-default\">\n\t\t\t\t\t<div class=\"elementor-column elementor-col-100 elementor-top-column elementor-element elementor-element-04c7e66\" data-id=\"04c7e66\" data-element_type=\"column\">\n\t\t\t<div class=\"elementor-widget-wrap\">\n\t\t\t\t\t\t\t<\/div>\n\t\t<\/div>\n\t\t\t\t\t<\/div>\n\t\t<\/section>\n\t\t\t\t<section class=\"elementor-section elementor-top-section elementor-element elementor-element-375516c elementor-section-boxed elementor-section-height-default elementor-section-height-default\" data-id=\"375516c\" data-element_type=\"section\">\n\t\t\t\t\t\t<div class=\"elementor-container elementor-column-gap-default\">\n\t\t\t\t\t<div class=\"elementor-column elementor-col-100 elementor-top-column elementor-element elementor-element-e045cfb\" data-id=\"e045cfb\" data-element_type=\"column\">\n\t\t\t<div class=\"elementor-widget-wrap\">\n\t\t\t\t\t\t\t<\/div>\n\t\t<\/div>\n\t\t\t\t\t<\/div>\n\t\t<\/section>\n\t\t\t\t<section class=\"elementor-section elementor-top-section elementor-element elementor-element-87181df elementor-section-boxed elementor-section-height-default elementor-section-height-default\" data-id=\"87181df\" data-element_type=\"section\">\n\t\t\t\t\t\t<div class=\"elementor-container elementor-column-gap-default\">\n\t\t\t\t\t<div class=\"elementor-column elementor-col-100 elementor-top-column elementor-element elementor-element-b3e7575\" data-id=\"b3e7575\" data-element_type=\"column\">\n\t\t\t<div class=\"elementor-widget-wrap elementor-element-populated\">\n\t\t\t\t\t\t<div class=\"elementor-element elementor-element-7ed1efe elementor-widget elementor-widget-text-editor\" data-id=\"7ed1efe\" data-element_type=\"widget\" data-widget_type=\"text-editor.default\">\n\t\t\t\t<div class=\"elementor-widget-container\">\n\t\t\t\t\t\t\t\t\t<p>\u00a0<\/p><p>\u00a0<\/p><p>\u00a0<\/p><p>\u00a0<\/p><p>.<\/p>\t\t\t\t\t\t\t\t<\/div>\n\t\t\t\t<\/div>\n\t\t\t\t\t<\/div>\n\t\t<\/div>\n\t\t\t\t\t<\/div>\n\t\t<\/section>\n\t\t\t\t<section class=\"elementor-section elementor-top-section elementor-element elementor-element-0ddb03a elementor-section-boxed elementor-section-height-default elementor-section-height-default\" data-id=\"0ddb03a\" data-element_type=\"section\">\n\t\t\t\t\t\t<div class=\"elementor-container elementor-column-gap-default\">\n\t\t\t\t\t<div class=\"elementor-column elementor-col-100 elementor-top-column elementor-element elementor-element-cf94f60\" data-id=\"cf94f60\" data-element_type=\"column\">\n\t\t\t<div class=\"elementor-widget-wrap\">\n\t\t\t\t\t\t\t<\/div>\n\t\t<\/div>\n\t\t\t\t\t<\/div>\n\t\t<\/section>\n\t\t\t\t<\/div>\n\t\t","protected":false},"excerpt":{"rendered":"<p>\u00a1Bienvenido a tu autoescuela! Desde Autoescuelas Hermanos Delgado queremos darte la bienvenida a nuestra gran familia. Llevamos formando buenos conductores m\u00e1s de cinco d\u00e9cadas, y lo que es m\u00e1s importante, seguimos con la misma ilusi\u00f3n del primer d\u00eda.\u00a0 Disponemos de personal altamente cualificado para poder ofrecer a todos y cada uno de nuestros clientes un &hellip;<\/p>\n<p class=\"read-more\"> <a class=\"\" href=\"https:\/\/autoescuelas-hnos-delgado.com\/\"> <span class=\"screen-reader-text\">INICIO<\/span> Read More &raquo;<\/a><\/p>\n","protected":false},"author":1,"featured_media":0,"parent":0,"menu_order":0,"comment_status":"closed","ping_status":"closed","template":"","meta":{"site-sidebar-layout":"no-sidebar","site-content-layout":"page-builder","ast-main-header-display":"","ast-hfb-above-header-display":"","ast-hfb-below-header-display":"","ast-hfb-mobile-header-display":"","site-post-title":"disabled","ast-breadcrumbs-content":"","ast-featured-img":"disabled","footer-sml-layout":"","theme-transparent-header-meta":"","adv-header-id-meta":"","stick-header-meta":"","header-above-stick-meta":"","header-main-stick-meta":"","header-below-stick-meta":"","footnotes":""},"class_list":["post-35","page","type-page","status-publish","hentry"],"_links":{"self":[{"href":"https:\/\/autoescuelas-hnos-delgado.com\/index.php?rest_route=\/wp\/v2\/pages\/35","targetHints":{"allow":["GET"]}}],"collection":[{"href":"https:\/\/autoescuelas-hnos-delgado.com\/index.php?rest_route=\/wp\/v2\/pages"}],"about":[{"href":"https:\/\/autoescuelas-hnos-delgado.com\/index.php?rest_route=\/wp\/v2\/types\/page"}],"author":[{"embeddable":true,"href":"https:\/\/autoescuelas-hnos-delgado.com\/index.php?rest_route=\/wp\/v2\/users\/1"}],"replies":[{"embeddable":true,"href":"https:\/\/autoescuelas-hnos-delgado.com\/index.php?rest_route=%2Fwp%2Fv2%2Fcomments&post=35"}],"version-history":[{"count":100,"href":"https:\/\/autoescuelas-hnos-delgado.com\/index.php?rest_route=\/wp\/v2\/pages\/35\/revisions"}],"predecessor-version":[{"id":498,"href":"https:\/\/autoescuelas-hnos-delgado.com\/index.php?rest_route=\/wp\/v2\/pages\/35\/revisions\/498"}],"wp:attachment":[{"href":"https:\/\/autoescuelas-hnos-delgado.com\/index.php?rest_route=%2Fwp%2Fv2%2Fmedia&parent=35"}],"curies":[{"name":"wp","href":"https:\/\/api.w.org\/{rel}","templated":true}]}}