{"id":96,"date":"2022-05-08T20:00:00","date_gmt":"2022-05-08T20:00:00","guid":{"rendered":"http:\/\/autoescuelas-hnos-delgado.com\/?page_id=96"},"modified":"2022-05-19T22:16:33","modified_gmt":"2022-05-19T22:16:33","slug":"nosotros","status":"publish","type":"page","link":"https:\/\/autoescuelas-hnos-delgado.com\/?page_id=96","title":{"rendered":"NOSOTROS"},"content":{"rendered":"\t\t<div data-elementor-type=\"wp-page\" data-elementor-id=\"96\" class=\"elementor elementor-96\">\n\t\t\t\t\t\t<section class=\"elementor-section elementor-top-section elementor-element elementor-element-719b30b elementor-section-content-middle elementor-section-boxed elementor-section-height-default elementor-section-height-default\" data-id=\"719b30b\" data-element_type=\"section\">\n\t\t\t\t\t\t<div class=\"elementor-container elementor-column-gap-no\">\n\t\t\t\t\t<div class=\"elementor-column elementor-col-100 elementor-top-column elementor-element elementor-element-11b92e36\" data-id=\"11b92e36\" data-element_type=\"column\">\n\t\t\t<div class=\"elementor-widget-wrap elementor-element-populated\">\n\t\t\t\t\t\t<div class=\"elementor-element elementor-element-298080f5 elementor-widget elementor-widget-heading\" data-id=\"298080f5\" data-element_type=\"widget\" data-widget_type=\"heading.default\">\n\t\t\t\t<div class=\"elementor-widget-container\">\n\t\t\t\t\t<h4 class=\"elementor-heading-title elementor-size-default\">CONOCE NUESTRA FAMILIA<\/h4>\t\t\t\t<\/div>\n\t\t\t\t<\/div>\n\t\t\t\t<section class=\"elementor-section elementor-inner-section elementor-element elementor-element-3464fbd5 elementor-section-boxed elementor-section-height-default elementor-section-height-default\" data-id=\"3464fbd5\" data-element_type=\"section\">\n\t\t\t\t\t\t<div class=\"elementor-container elementor-column-gap-default\">\n\t\t\t\t\t<div class=\"elementor-column elementor-col-50 elementor-inner-column elementor-element elementor-element-3ba96222\" data-id=\"3ba96222\" data-element_type=\"column\">\n\t\t\t<div class=\"elementor-widget-wrap elementor-element-populated\">\n\t\t\t\t\t\t<div class=\"elementor-element elementor-element-72a71b74 elementor-position-left elementor-vertical-align-middle elementor-widget elementor-widget-image-box\" data-id=\"72a71b74\" data-element_type=\"widget\" data-widget_type=\"image-box.default\">\n\t\t\t\t<div class=\"elementor-widget-container\">\n\t\t\t\t\t<div class=\"elementor-image-box-wrapper\"><figure class=\"elementor-image-box-img\"><img fetchpriority=\"high\" decoding=\"async\" width=\"899\" height=\"1251\" src=\"https:\/\/autoescuelas-hnos-delgado.com\/wp-content\/uploads\/2022\/05\/mama-recortada.jpeg\" class=\"attachment-full size-full wp-image-247\" alt=\"\" srcset=\"https:\/\/autoescuelas-hnos-delgado.com\/wp-content\/uploads\/2022\/05\/mama-recortada.jpeg 899w, https:\/\/autoescuelas-hnos-delgado.com\/wp-content\/uploads\/2022\/05\/mama-recortada-216x300.jpeg 216w, https:\/\/autoescuelas-hnos-delgado.com\/wp-content\/uploads\/2022\/05\/mama-recortada-736x1024.jpeg 736w, https:\/\/autoescuelas-hnos-delgado.com\/wp-content\/uploads\/2022\/05\/mama-recortada-768x1069.jpeg 768w\" sizes=\"(max-width: 899px) 100vw, 899px\" \/><\/figure><div class=\"elementor-image-box-content\"><h3 class=\"elementor-image-box-title\">MONSE DELGADO<\/h3><p class=\"elementor-image-box-description\">profesora <\/p><\/div><\/div>\t\t\t\t<\/div>\n\t\t\t\t<\/div>\n\t\t\t\t<div class=\"elementor-element elementor-element-23eeab1 elementor-widget elementor-widget-text-editor\" data-id=\"23eeab1\" data-element_type=\"widget\" data-widget_type=\"text-editor.default\">\n\t\t\t\t<div class=\"elementor-widget-container\">\n\t\t\t\t\t\t\t\t\t<p><span style=\"font-style: inherit; font-weight: inherit; font-family: var( --e-global-typography-text-font-family ), Sans-serif; background-color: var(--ast-global-color-5);\">PROFESORA DE FORMACI\u00d3N VIAL.<\/span><\/p>\n<p>CERTIFICADO DE APTITUD DE DIRECCI\u00d3N DE ESCUELAS DE CONDUCTORES.<\/p>\n<ul>\n<li><span style=\"font-style: inherit; font-weight: inherit; font-family: var( --e-global-typography-text-font-family ), Sans-serif; background-color: var(--ast-global-color-5);\">ESPECIALISTA EN CONDUCCI\u00d3N EFICIENTE EN VEH\u00cdCULOS PARA PROFESORES DE FORMACI\u00d3N VIAL.<\/span><\/li>\n<li>FORMADORA DE FORMADORES EN MERCANCIAS PELIGROSAS.<\/li>\n<li>ESPECIALISTA C.A.P. EN LOGISTICA Y TRANSPORTES POR CARRETERA.<\/li>\n<li>FORMADORA T\u00c9CNICA EN EXTINCI\u00d3N DE INCENDIOS.<\/li>\n<li>FORMADORA DE CURSOS DE SENSIBILIACI\u00d3N Y REEDUCACI\u00d3N VIAL.<\/li>\n<\/ul>\t\t\t\t\t\t\t\t<\/div>\n\t\t\t\t<\/div>\n\t\t\t\t\t<\/div>\n\t\t<\/div>\n\t\t\t\t<div class=\"elementor-column elementor-col-50 elementor-inner-column elementor-element elementor-element-3ea6d628\" data-id=\"3ea6d628\" data-element_type=\"column\">\n\t\t\t<div class=\"elementor-widget-wrap elementor-element-populated\">\n\t\t\t\t\t\t<div class=\"elementor-element elementor-element-46324c06 elementor-position-left elementor-vertical-align-middle elementor-widget elementor-widget-image-box\" data-id=\"46324c06\" data-element_type=\"widget\" data-widget_type=\"image-box.default\">\n\t\t\t\t<div class=\"elementor-widget-container\">\n\t\t\t\t\t<div class=\"elementor-image-box-wrapper\"><figure class=\"elementor-image-box-img\"><img decoding=\"async\" width=\"309\" height=\"438\" src=\"https:\/\/autoescuelas-hnos-delgado.com\/wp-content\/uploads\/2022\/05\/WhatsApp-Image-2022-05-09-at-12.20.51-PM.jpeg\" class=\"attachment-full size-full wp-image-166\" alt=\"\" srcset=\"https:\/\/autoescuelas-hnos-delgado.com\/wp-content\/uploads\/2022\/05\/WhatsApp-Image-2022-05-09-at-12.20.51-PM.jpeg 309w, https:\/\/autoescuelas-hnos-delgado.com\/wp-content\/uploads\/2022\/05\/WhatsApp-Image-2022-05-09-at-12.20.51-PM-212x300.jpeg 212w\" sizes=\"(max-width: 309px) 100vw, 309px\" \/><\/figure><div class=\"elementor-image-box-content\"><h3 class=\"elementor-image-box-title\">\u00c1NGEL DELGADO<\/h3><p class=\"elementor-image-box-description\">profesor<\/p><\/div><\/div>\t\t\t\t<\/div>\n\t\t\t\t<\/div>\n\t\t\t\t<div class=\"elementor-element elementor-element-2fc1f587 elementor-widget elementor-widget-text-editor\" data-id=\"2fc1f587\" data-element_type=\"widget\" data-widget_type=\"text-editor.default\">\n\t\t\t\t<div class=\"elementor-widget-container\">\n\t\t\t\t\t\t\t\t\t<p style=\"font-size: 16px; font-style: normal; font-weight: 300;\"><span style=\"font-style: inherit; font-weight: inherit; font-family: var( --e-global-typography-text-font-family ), Sans-serif; background-color: var(--ast-global-color-5);\">PROFESOR DE FORMACI\u00d3N VIAL.<\/span><\/p><p style=\"font-size: 16px; font-style: normal; font-weight: 300;\"><span style=\"font-style: inherit; font-weight: inherit; font-family: var( --e-global-typography-text-font-family ), Sans-serif; background-color: var(--ast-global-color-5);\">CERTIFICADO DE APTITUD DE CIRECCI\u00d3N DE ESCUELAS DE CONDUCTORES.<\/span><\/p><ul style=\"font-size: 16px; font-style: normal; font-weight: 300;\"><li style=\"font-size: 16px;\">ESPECIALISTA EN CONDUCCI\u00d3N EFICIENTE EN VEH\u00cdCULOS PARA PROFESORES DE FORMACI\u00d3N VIAL.<\/li><li style=\"font-size: 16px;\">FORMADOR DE FORMADORES EN MERCANCIAS PELIGROSAS.<\/li><li style=\"font-size: 16px;\">ESPECIALISTA C.A.P. EN LOGISTICA Y TRANSPORTES POR CARRETERA.<\/li><li style=\"font-size: 16px;\">FORMADOR T\u00c9CNICO EN EXTINCI\u00d3N DE INCENDIOS.<\/li><\/ul>\t\t\t\t\t\t\t\t<\/div>\n\t\t\t\t<\/div>\n\t\t\t\t\t<\/div>\n\t\t<\/div>\n\t\t\t\t\t<\/div>\n\t\t<\/section>\n\t\t\t\t<section class=\"elementor-section elementor-inner-section elementor-element elementor-element-2d5c4249 elementor-section-boxed elementor-section-height-default elementor-section-height-default\" data-id=\"2d5c4249\" data-element_type=\"section\">\n\t\t\t\t\t\t<div class=\"elementor-container elementor-column-gap-default\">\n\t\t\t\t\t<div class=\"elementor-column elementor-col-50 elementor-inner-column elementor-element elementor-element-7712c0c2\" data-id=\"7712c0c2\" data-element_type=\"column\">\n\t\t\t<div class=\"elementor-widget-wrap elementor-element-populated\">\n\t\t\t\t\t\t<div class=\"elementor-element elementor-element-3ddba963 elementor-position-left elementor-vertical-align-middle elementor-widget elementor-widget-image-box\" data-id=\"3ddba963\" data-element_type=\"widget\" data-widget_type=\"image-box.default\">\n\t\t\t\t<div class=\"elementor-widget-container\">\n\t\t\t\t\t<div class=\"elementor-image-box-wrapper\"><figure class=\"elementor-image-box-img\"><img decoding=\"async\" width=\"222\" height=\"292\" src=\"https:\/\/autoescuelas-hnos-delgado.com\/wp-content\/uploads\/2022\/05\/Lola.jpeg\" class=\"attachment-full size-full wp-image-168\" alt=\"\" \/><\/figure><div class=\"elementor-image-box-content\"><h3 class=\"elementor-image-box-title\">LOLA MORENO<\/h3><p class=\"elementor-image-box-description\">administrativa <\/p><\/div><\/div>\t\t\t\t<\/div>\n\t\t\t\t<\/div>\n\t\t\t\t\t<\/div>\n\t\t<\/div>\n\t\t\t\t<div class=\"elementor-column elementor-col-50 elementor-inner-column elementor-element elementor-element-4bb57b32\" data-id=\"4bb57b32\" data-element_type=\"column\">\n\t\t\t<div class=\"elementor-widget-wrap elementor-element-populated\">\n\t\t\t\t\t\t<div class=\"elementor-element elementor-element-f9c2bf9 elementor-position-left elementor-vertical-align-middle elementor-widget elementor-widget-image-box\" data-id=\"f9c2bf9\" data-element_type=\"widget\" data-widget_type=\"image-box.default\">\n\t\t\t\t<div class=\"elementor-widget-container\">\n\t\t\t\t\t<div class=\"elementor-image-box-wrapper\"><figure class=\"elementor-image-box-img\"><img loading=\"lazy\" decoding=\"async\" width=\"1200\" height=\"1600\" src=\"https:\/\/autoescuelas-hnos-delgado.com\/wp-content\/uploads\/2022\/05\/INMA.jpeg\" class=\"attachment-full size-full wp-image-317\" alt=\"\" srcset=\"https:\/\/autoescuelas-hnos-delgado.com\/wp-content\/uploads\/2022\/05\/INMA.jpeg 1200w, https:\/\/autoescuelas-hnos-delgado.com\/wp-content\/uploads\/2022\/05\/INMA-225x300.jpeg 225w, https:\/\/autoescuelas-hnos-delgado.com\/wp-content\/uploads\/2022\/05\/INMA-768x1024.jpeg 768w, https:\/\/autoescuelas-hnos-delgado.com\/wp-content\/uploads\/2022\/05\/INMA-1152x1536.jpeg 1152w\" sizes=\"(max-width: 1200px) 100vw, 1200px\" \/><\/figure><div class=\"elementor-image-box-content\"><h3 class=\"elementor-image-box-title\">INMA SANTACRU<\/h3><p class=\"elementor-image-box-description\">administrativa <\/p><\/div><\/div>\t\t\t\t<\/div>\n\t\t\t\t<\/div>\n\t\t\t\t\t<\/div>\n\t\t<\/div>\n\t\t\t\t\t<\/div>\n\t\t<\/section>\n\t\t\t\t\t<\/div>\n\t\t<\/div>\n\t\t\t\t\t<\/div>\n\t\t<\/section>\n\t\t\t\t<section class=\"elementor-section elementor-top-section elementor-element elementor-element-bc92bfe elementor-section-boxed elementor-section-height-default elementor-section-height-default\" data-id=\"bc92bfe\" data-element_type=\"section\">\n\t\t\t\t\t\t<div class=\"elementor-container elementor-column-gap-default\">\n\t\t\t\t\t<div class=\"elementor-column elementor-col-100 elementor-top-column elementor-element elementor-element-74f8880\" data-id=\"74f8880\" data-element_type=\"column\">\n\t\t\t<div class=\"elementor-widget-wrap elementor-element-populated\">\n\t\t\t\t\t\t<div class=\"elementor-element elementor-element-3561965 elementor-widget elementor-widget-text-editor\" data-id=\"3561965\" data-element_type=\"widget\" data-widget_type=\"text-editor.default\">\n\t\t\t\t<div class=\"elementor-widget-container\">\n\t\t\t\t\t\t\t\t\t<p>\u00a0<\/p><p>\u00a0<\/p><p>\u00a0<\/p><p>\u00a0<\/p><p>\u00a0<\/p><p>\u00a0<\/p><p>\u00a0<\/p><p>\u00a0<\/p><p>\u00a0<\/p><p>\u00a0<\/p><p>\u00a0<\/p><p>\u00a0<\/p>\t\t\t\t\t\t\t\t<\/div>\n\t\t\t\t<\/div>\n\t\t\t\t\t<\/div>\n\t\t<\/div>\n\t\t\t\t\t<\/div>\n\t\t<\/section>\n\t\t\t\t<section class=\"elementor-section elementor-top-section elementor-element elementor-element-5c31c7d7 elementor-section-content-middle elementor-section-boxed elementor-section-height-default elementor-section-height-default\" data-id=\"5c31c7d7\" data-element_type=\"section\">\n\t\t\t\t\t\t<div class=\"elementor-container elementor-column-gap-no\">\n\t\t\t\t\t<div class=\"elementor-column elementor-col-33 elementor-top-column elementor-element elementor-element-f56193d\" data-id=\"f56193d\" data-element_type=\"column\">\n\t\t\t<div class=\"elementor-widget-wrap elementor-element-populated\">\n\t\t\t\t\t\t<div class=\"elementor-element elementor-element-4d1c1441 elementor-widget__width-initial elementor-absolute elementor-widget elementor-widget-text-editor\" data-id=\"4d1c1441\" data-element_type=\"widget\" data-settings=\"{&quot;_position&quot;:&quot;absolute&quot;}\" data-widget_type=\"text-editor.default\">\n\t\t\t\t<div class=\"elementor-widget-container\">\n\t\t\t\t\t\t\t\t\t<p><strong>NUESTRA GALERIA:<\/strong><\/p>\t\t\t\t\t\t\t\t<\/div>\n\t\t\t\t<\/div>\n\t\t\t\t<div class=\"elementor-element elementor-element-af14550 elementor-absolute elementor-widget-mobile__width-initial elementor-widget elementor-widget-image\" data-id=\"af14550\" data-element_type=\"widget\" data-settings=\"{&quot;_position&quot;:&quot;absolute&quot;}\" data-widget_type=\"image.default\">\n\t\t\t\t<div class=\"elementor-widget-container\">\n\t\t\t\t\t\t\t\t\t\t\t\t\t\t\t<img decoding=\"async\" src=\"https:\/\/autoescuelas-hnos-delgado.com\/wp-content\/uploads\/2022\/05\/TIO.jpeg\" title=\"TIO\" alt=\"TIO\" loading=\"lazy\" \/>\t\t\t\t\t\t\t\t\t\t\t\t\t\t\t<\/div>\n\t\t\t\t<\/div>\n\t\t\t\t<div class=\"elementor-element elementor-element-514bf94c elementor-absolute elementor-widget-mobile__width-initial elementor-widget elementor-widget-image\" data-id=\"514bf94c\" data-element_type=\"widget\" data-settings=\"{&quot;_position&quot;:&quot;absolute&quot;}\" data-widget_type=\"image.default\">\n\t\t\t\t<div class=\"elementor-widget-container\">\n\t\t\t\t\t\t\t\t\t\t\t\t\t\t\t<img loading=\"lazy\" decoding=\"async\" width=\"576\" height=\"1024\" src=\"https:\/\/autoescuelas-hnos-delgado.com\/wp-content\/uploads\/2022\/05\/INMA-Y-TIO-576x1024.jpeg\" class=\"elementor-animation-grow attachment-large size-large wp-image-217\" alt=\"\" srcset=\"https:\/\/autoescuelas-hnos-delgado.com\/wp-content\/uploads\/2022\/05\/INMA-Y-TIO-576x1024.jpeg 576w, https:\/\/autoescuelas-hnos-delgado.com\/wp-content\/uploads\/2022\/05\/INMA-Y-TIO-169x300.jpeg 169w, https:\/\/autoescuelas-hnos-delgado.com\/wp-content\/uploads\/2022\/05\/INMA-Y-TIO-768x1365.jpeg 768w, https:\/\/autoescuelas-hnos-delgado.com\/wp-content\/uploads\/2022\/05\/INMA-Y-TIO-864x1536.jpeg 864w, https:\/\/autoescuelas-hnos-delgado.com\/wp-content\/uploads\/2022\/05\/INMA-Y-TIO.jpeg 900w\" sizes=\"(max-width: 576px) 100vw, 576px\" \/>\t\t\t\t\t\t\t\t\t\t\t\t\t\t\t<\/div>\n\t\t\t\t<\/div>\n\t\t\t\t\t<\/div>\n\t\t<\/div>\n\t\t\t\t<div class=\"elementor-column elementor-col-33 elementor-top-column elementor-element elementor-element-2e0b83f1\" data-id=\"2e0b83f1\" data-element_type=\"column\">\n\t\t\t<div class=\"elementor-widget-wrap elementor-element-populated\">\n\t\t\t\t\t\t<div class=\"elementor-element elementor-element-a7c5ec1 elementor-absolute elementor-widget-mobile__width-initial elementor-widget elementor-widget-image\" data-id=\"a7c5ec1\" data-element_type=\"widget\" data-settings=\"{&quot;_position&quot;:&quot;absolute&quot;}\" data-widget_type=\"image.default\">\n\t\t\t\t<div class=\"elementor-widget-container\">\n\t\t\t\t\t\t\t\t\t\t\t\t\t\t\t<img loading=\"lazy\" decoding=\"async\" width=\"1024\" height=\"580\" src=\"https:\/\/autoescuelas-hnos-delgado.com\/wp-content\/uploads\/2022\/05\/mama-y-yogggggggggggggggggggggggggggg-1024x580.jpeg\" class=\"attachment-large size-large wp-image-240\" alt=\"\" srcset=\"https:\/\/autoescuelas-hnos-delgado.com\/wp-content\/uploads\/2022\/05\/mama-y-yogggggggggggggggggggggggggggg-1024x580.jpeg 1024w, https:\/\/autoescuelas-hnos-delgado.com\/wp-content\/uploads\/2022\/05\/mama-y-yogggggggggggggggggggggggggggg-300x170.jpeg 300w, https:\/\/autoescuelas-hnos-delgado.com\/wp-content\/uploads\/2022\/05\/mama-y-yogggggggggggggggggggggggggggg-768x435.jpeg 768w, https:\/\/autoescuelas-hnos-delgado.com\/wp-content\/uploads\/2022\/05\/mama-y-yogggggggggggggggggggggggggggg.jpeg 1304w\" sizes=\"(max-width: 1024px) 100vw, 1024px\" \/>\t\t\t\t\t\t\t\t\t\t\t\t\t\t\t<\/div>\n\t\t\t\t<\/div>\n\t\t\t\t<div class=\"elementor-element elementor-element-ba45dd6 elementor-absolute elementor-widget elementor-widget-image\" data-id=\"ba45dd6\" data-element_type=\"widget\" data-settings=\"{&quot;_position&quot;:&quot;absolute&quot;}\" data-widget_type=\"image.default\">\n\t\t\t\t<div class=\"elementor-widget-container\">\n\t\t\t\t\t\t\t\t\t\t\t\t\t\t\t<img loading=\"lazy\" decoding=\"async\" width=\"672\" height=\"518\" src=\"https:\/\/autoescuelas-hnos-delgado.com\/wp-content\/uploads\/2022\/05\/LOGO-AUTO-BLANCO-Y-NEGRO.png\" class=\"attachment-1536x1536 size-1536x1536 wp-image-264\" alt=\"\" srcset=\"https:\/\/autoescuelas-hnos-delgado.com\/wp-content\/uploads\/2022\/05\/LOGO-AUTO-BLANCO-Y-NEGRO.png 672w, https:\/\/autoescuelas-hnos-delgado.com\/wp-content\/uploads\/2022\/05\/LOGO-AUTO-BLANCO-Y-NEGRO-300x231.png 300w\" sizes=\"(max-width: 672px) 100vw, 672px\" \/>\t\t\t\t\t\t\t\t\t\t\t\t\t\t\t<\/div>\n\t\t\t\t<\/div>\n\t\t\t\t<div class=\"elementor-element elementor-element-7636582f elementor-absolute elementor-widget elementor-widget-image\" data-id=\"7636582f\" data-element_type=\"widget\" data-settings=\"{&quot;_position&quot;:&quot;absolute&quot;}\" data-widget_type=\"image.default\">\n\t\t\t\t<div class=\"elementor-widget-container\">\n\t\t\t\t\t\t\t\t\t\t\t\t\t\t\t<img loading=\"lazy\" decoding=\"async\" width=\"315\" height=\"315\" src=\"https:\/\/autoescuelas-hnos-delgado.com\/wp-content\/uploads\/2022\/05\/MAMA.jpg\" class=\"elementor-animation-grow attachment-large size-large wp-image-220\" alt=\"\" srcset=\"https:\/\/autoescuelas-hnos-delgado.com\/wp-content\/uploads\/2022\/05\/MAMA.jpg 315w, https:\/\/autoescuelas-hnos-delgado.com\/wp-content\/uploads\/2022\/05\/MAMA-300x300.jpg 300w, https:\/\/autoescuelas-hnos-delgado.com\/wp-content\/uploads\/2022\/05\/MAMA-150x150.jpg 150w\" sizes=\"(max-width: 315px) 100vw, 315px\" \/>\t\t\t\t\t\t\t\t\t\t\t\t\t\t\t<\/div>\n\t\t\t\t<\/div>\n\t\t\t\t\t<\/div>\n\t\t<\/div>\n\t\t\t\t<div class=\"elementor-column elementor-col-33 elementor-top-column elementor-element elementor-element-2e1524b1\" data-id=\"2e1524b1\" data-element_type=\"column\">\n\t\t\t<div class=\"elementor-widget-wrap elementor-element-populated\">\n\t\t\t\t\t\t<div class=\"elementor-element elementor-element-6653672a elementor-absolute elementor-widget-mobile__width-initial elementor-widget elementor-widget-image\" data-id=\"6653672a\" data-element_type=\"widget\" data-settings=\"{&quot;_position&quot;:&quot;absolute&quot;}\" data-widget_type=\"image.default\">\n\t\t\t\t<div class=\"elementor-widget-container\">\n\t\t\t\t\t\t\t\t\t\t\t\t\t\t\t<img loading=\"lazy\" decoding=\"async\" width=\"315\" height=\"315\" src=\"https:\/\/autoescuelas-hnos-delgado.com\/wp-content\/uploads\/2022\/05\/LOLA-Y-MAM.jpg\" class=\"elementor-animation-grow attachment-full size-full wp-image-219\" alt=\"\" srcset=\"https:\/\/autoescuelas-hnos-delgado.com\/wp-content\/uploads\/2022\/05\/LOLA-Y-MAM.jpg 315w, https:\/\/autoescuelas-hnos-delgado.com\/wp-content\/uploads\/2022\/05\/LOLA-Y-MAM-300x300.jpg 300w, https:\/\/autoescuelas-hnos-delgado.com\/wp-content\/uploads\/2022\/05\/LOLA-Y-MAM-150x150.jpg 150w\" sizes=\"(max-width: 315px) 100vw, 315px\" \/>\t\t\t\t\t\t\t\t\t\t\t\t\t\t\t<\/div>\n\t\t\t\t<\/div>\n\t\t\t\t<div class=\"elementor-element elementor-element-09bde90 elementor-absolute elementor-widget-mobile__width-initial elementor-widget elementor-widget-image\" data-id=\"09bde90\" data-element_type=\"widget\" data-settings=\"{&quot;_position&quot;:&quot;absolute&quot;}\" data-widget_type=\"image.default\">\n\t\t\t\t<div class=\"elementor-widget-container\">\n\t\t\t\t\t\t\t\t\t\t\t\t\t\t\t<img loading=\"lazy\" decoding=\"async\" width=\"576\" height=\"1024\" src=\"https:\/\/autoescuelas-hnos-delgado.com\/wp-content\/uploads\/2022\/05\/INMA-Y-TIO-2-576x1024.jpeg\" class=\"attachment-large size-large wp-image-216\" alt=\"\" srcset=\"https:\/\/autoescuelas-hnos-delgado.com\/wp-content\/uploads\/2022\/05\/INMA-Y-TIO-2-576x1024.jpeg 576w, https:\/\/autoescuelas-hnos-delgado.com\/wp-content\/uploads\/2022\/05\/INMA-Y-TIO-2-169x300.jpeg 169w, https:\/\/autoescuelas-hnos-delgado.com\/wp-content\/uploads\/2022\/05\/INMA-Y-TIO-2-768x1365.jpeg 768w, https:\/\/autoescuelas-hnos-delgado.com\/wp-content\/uploads\/2022\/05\/INMA-Y-TIO-2-864x1536.jpeg 864w, https:\/\/autoescuelas-hnos-delgado.com\/wp-content\/uploads\/2022\/05\/INMA-Y-TIO-2.jpeg 900w\" sizes=\"(max-width: 576px) 100vw, 576px\" \/>\t\t\t\t\t\t\t\t\t\t\t\t\t\t\t<\/div>\n\t\t\t\t<\/div>\n\t\t\t\t\t<\/div>\n\t\t<\/div>\n\t\t\t\t\t<\/div>\n\t\t<\/section>\n\t\t\t\t<section class=\"elementor-section elementor-top-section elementor-element elementor-element-fb96a06 elementor-section-boxed elementor-section-height-default elementor-section-height-default\" data-id=\"fb96a06\" data-element_type=\"section\">\n\t\t\t\t\t\t<div class=\"elementor-container elementor-column-gap-default\">\n\t\t\t\t\t<div class=\"elementor-column elementor-col-100 elementor-top-column elementor-element elementor-element-1fdfdad\" data-id=\"1fdfdad\" data-element_type=\"column\">\n\t\t\t<div class=\"elementor-widget-wrap elementor-element-populated\">\n\t\t\t\t\t\t<div class=\"elementor-element elementor-element-49ef511 elementor-absolute elementor-widget-mobile__width-initial elementor-widget elementor-widget-image\" data-id=\"49ef511\" data-element_type=\"widget\" data-settings=\"{&quot;_position&quot;:&quot;absolute&quot;}\" data-widget_type=\"image.default\">\n\t\t\t\t<div class=\"elementor-widget-container\">\n\t\t\t\t\t\t\t\t\t\t\t\t\t\t\t<img loading=\"lazy\" decoding=\"async\" width=\"212\" height=\"300\" src=\"https:\/\/autoescuelas-hnos-delgado.com\/wp-content\/uploads\/2022\/05\/LIBROS-212x300.jpeg\" class=\"attachment-medium size-medium wp-image-301\" alt=\"\" srcset=\"https:\/\/autoescuelas-hnos-delgado.com\/wp-content\/uploads\/2022\/05\/LIBROS-212x300.jpeg 212w, https:\/\/autoescuelas-hnos-delgado.com\/wp-content\/uploads\/2022\/05\/LIBROS-722x1024.jpeg 722w, https:\/\/autoescuelas-hnos-delgado.com\/wp-content\/uploads\/2022\/05\/LIBROS-768x1089.jpeg 768w, https:\/\/autoescuelas-hnos-delgado.com\/wp-content\/uploads\/2022\/05\/LIBROS-1083x1536.jpeg 1083w, https:\/\/autoescuelas-hnos-delgado.com\/wp-content\/uploads\/2022\/05\/LIBROS.jpeg 1128w\" sizes=\"(max-width: 212px) 100vw, 212px\" \/>\t\t\t\t\t\t\t\t\t\t\t\t\t\t\t<\/div>\n\t\t\t\t<\/div>\n\t\t\t\t\t<\/div>\n\t\t<\/div>\n\t\t\t\t\t<\/div>\n\t\t<\/section>\n\t\t\t\t<section class=\"elementor-section elementor-top-section elementor-element elementor-element-8b048e3 elementor-section-boxed elementor-section-height-default elementor-section-height-default\" data-id=\"8b048e3\" data-element_type=\"section\">\n\t\t\t\t\t\t<div class=\"elementor-container elementor-column-gap-default\">\n\t\t\t\t\t<div class=\"elementor-column elementor-col-100 elementor-top-column elementor-element elementor-element-aaf0f1d\" data-id=\"aaf0f1d\" data-element_type=\"column\">\n\t\t\t<div class=\"elementor-widget-wrap\">\n\t\t\t\t\t\t\t<\/div>\n\t\t<\/div>\n\t\t\t\t\t<\/div>\n\t\t<\/section>\n\t\t\t\t<\/div>\n\t\t","protected":false},"excerpt":{"rendered":"<p>CONOCE NUESTRA FAMILIA MONSE DELGADO profesora PROFESORA DE FORMACI\u00d3N VIAL. CERTIFICADO DE APTITUD DE DIRECCI\u00d3N DE ESCUELAS DE CONDUCTORES. ESPECIALISTA EN CONDUCCI\u00d3N EFICIENTE EN VEH\u00cdCULOS PARA PROFESORES DE FORMACI\u00d3N VIAL. FORMADORA DE FORMADORES EN MERCANCIAS PELIGROSAS. ESPECIALISTA C.A.P. EN LOGISTICA Y TRANSPORTES POR CARRETERA. FORMADORA T\u00c9CNICA EN EXTINCI\u00d3N DE INCENDIOS. FORMADORA DE CURSOS DE SENSIBILIACI\u00d3N &hellip;<\/p>\n<p class=\"read-more\"> <a class=\"\" href=\"https:\/\/autoescuelas-hnos-delgado.com\/?page_id=96\"> <span class=\"screen-reader-text\">NOSOTROS<\/span> Read More &raquo;<\/a><\/p>\n","protected":false},"author":1,"featured_media":0,"parent":0,"menu_order":0,"comment_status":"closed","ping_status":"closed","template":"","meta":{"site-sidebar-layout":"no-sidebar","site-content-layout":"page-builder","ast-main-header-display":"","ast-hfb-above-header-display":"","ast-hfb-below-header-display":"","ast-hfb-mobile-header-display":"","site-post-title":"disabled","ast-breadcrumbs-content":"","ast-featured-img":"disabled","footer-sml-layout":"","theme-transparent-header-meta":"","adv-header-id-meta":"","stick-header-meta":"","header-above-stick-meta":"","header-main-stick-meta":"","header-below-stick-meta":"","footnotes":""},"class_list":["post-96","page","type-page","status-publish","hentry"],"_links":{"self":[{"href":"https:\/\/autoescuelas-hnos-delgado.com\/index.php?rest_route=\/wp\/v2\/pages\/96","targetHints":{"allow":["GET"]}}],"collection":[{"href":"https:\/\/autoescuelas-hnos-delgado.com\/index.php?rest_route=\/wp\/v2\/pages"}],"about":[{"href":"https:\/\/autoescuelas-hnos-delgado.com\/index.php?rest_route=\/wp\/v2\/types\/page"}],"author":[{"embeddable":true,"href":"https:\/\/autoescuelas-hnos-delgado.com\/index.php?rest_route=\/wp\/v2\/users\/1"}],"replies":[{"embeddable":true,"href":"https:\/\/autoescuelas-hnos-delgado.com\/index.php?rest_route=%2Fwp%2Fv2%2Fcomments&post=96"}],"version-history":[{"count":86,"href":"https:\/\/autoescuelas-hnos-delgado.com\/index.php?rest_route=\/wp\/v2\/pages\/96\/revisions"}],"predecessor-version":[{"id":375,"href":"https:\/\/autoescuelas-hnos-delgado.com\/index.php?rest_route=\/wp\/v2\/pages\/96\/revisions\/375"}],"wp:attachment":[{"href":"https:\/\/autoescuelas-hnos-delgado.com\/index.php?rest_route=%2Fwp%2Fv2%2Fmedia&parent=96"}],"curies":[{"name":"wp","href":"https:\/\/api.w.org\/{rel}","templated":true}]}}